{"id":764,"date":"2015-03-10T16:28:39","date_gmt":"2015-03-10T19:28:39","guid":{"rendered":"http:\/\/www.cintamani.com.br\/loja\/?page_id=764"},"modified":"2019-04-22T10:59:57","modified_gmt":"2019-04-22T13:59:57","slug":"wellcome","status":"publish","type":"page","link":"https:\/\/www.cintamani.com.br\/loja\/wellcome\/","title":{"rendered":"Seja Bem Vindo!"},"content":{"rendered":"\r\n<div class=\"box-sections numbers-sections margin-bottom \">\r\n\t<div class=\"number number-left number-zero\"><\/div>\r\n\t<div class=\"number number-right number-1\"><\/div>\r\n\t<h4>Registre-se em <span class=\"title-highlight\">Cintamani<\/span><\/h4>\t<p>Nossa loja est\u00e1 no mercado desde 2007, atendendo lojistas e consumidores com produtos importados e esculturas sob-encomenda.<\/p>\n<\/div>\n\r\n<div class=\"box-sections numbers-sections margin-bottom \">\r\n\t<div class=\"number number-left number-zero\"><\/div>\r\n\t<div class=\"number number-right number-2\"><\/div>\r\n\t<h4>Aproveite nossos <span class=\"title-highlight\">Produtos<\/span><\/h4>\t<p>Encontrou tudo que procurava? Nossa equipe conta com fornecedores no Nepal, \u00cdndia e China, al\u00e9m da produ\u00e7\u00e3o local.<\/p>\n<\/div>\n\r\n<div class=\"box-sections numbers-sections margin-bottom \">\r\n\t<div class=\"number number-left number-zero\"><\/div>\r\n\t<div class=\"number number-right number-3\"><\/div>\r\n\t<h4>Pegue seu <span class=\"title-highlight\">Ticket de Desconto<\/span><\/h4>\t<p>Compartilhe nossa loja e ganhe descontos! Interdepend\u00eancia: converta seu clique em vantagens na loja!<\/p>\n<\/div>\n\r\n<div class=\"box-sections numbers-sections margin-bottom  last\">\r\n\t<div class=\"number number-left number-zero\"><\/div>\r\n\t<div class=\"number number-right number-4\"><\/div>\r\n\t<h4>...be happy e <span class=\"title-highlight\">Aproveite!<\/span><\/h4>\t<p>Ofere\u00e7a presentes com SIGNIFICADO, gerando energia positiva e bons-fluidos. Cada sorriso que provocamos \u00e9 causa de m\u00e9rito e bem-aventuran\u00e7a, dedique apara o benef\u00edcio de todos os seres&#8221;<\/p>\n<\/div><\/p>\n[products_tabs per_page=&#8221;-1&#8243; slider=&#8221;yes&#8221; orderby=&#8221;menu_order&#8221; order=&#8221;desc&#8221; categories=&#8221;must-have, best-seller, special-offers, &#8221; ]\n\r\n<div class=\"one-third \"><div class=\"sc-banner switch-text\" id=\"banner0\">\r\n    <a href=\"https:\/\/web.whatsapp.com\/send?phone=51996538855\"  target=\"_blank\">\r\n        <i class=\"fa icon-phone\"><\/i>\r\n        <div class=\"sc-content\">\r\n            <h2>ATENDIMENTO AO CLIENTE<\/h2>\r\n            <h3>ligue +55 51 99653 8855<\/h3>        <\/div>\r\n    <\/a>\r\n<\/div>\r\n<style type=\"text\/css\">\r\n#banner0 {width:100%;height:92px;overflow:hidden}\r\n#banner0 {background: ;border:1px solid #d0cece}\r\n#banner0 i {color:#a1a1a1;font-size:38px;margin-top:19}\r\n#banner0 h2{color:#000000;font-size:16px;line-height:18px}\r\n#banner0 h3{color:#666464;font-size:12px;line-height:14px}\r\n#banner0:hover {background: #464646;border:1px solid }#banner0:hover i {color:#f09d0c;font-size:52px;margin-top:26}\r\n#banner0:hover h2{color:#d0cece;font-size:10px;line-height:12px}\r\n#banner0:hover h3{color:#fff;font-size:17px;line-height:19px}<\/style>\n<\/div>\n\r\n<div class=\"one-third \"><div class=\"sc-banner switch-text\" id=\"banner1\">\r\n    <a href=\"https:\/\/www.facebook.com\/joiasdodharma\/\"  target=\"_blank\">\r\n        <i class=\"fa icon-comments-alt\"><\/i>\r\n        <div class=\"sc-content\">\r\n            <h2>NOSSOS CLIENTES SATISFEITOS...<\/h2>\r\n            <h3>Compartilhe!<\/h3>        <\/div>\r\n    <\/a>\r\n<\/div>\r\n<style type=\"text\/css\">\r\n#banner1 {width:100%;height:92px;overflow:hidden}\r\n#banner1 {background: ;border:1px solid #d0cece}\r\n#banner1 i {color:#a1a1a1;font-size:35px;margin-top:17}\r\n#banner1 h2{color:#000000;font-size:18px;line-height:20px}\r\n#banner1 h3{color:#666464;font-size:14px;line-height:16px}\r\n#banner1:hover {background: #464646;border:1px solid }#banner1:hover i {color:#f09d0c;font-size:50px;margin-top:25}\r\n#banner1:hover h2{color:#d0cece;font-size:12px;line-height:14px}\r\n#banner1:hover h3{color:#fff;font-size:18px;line-height:20px}<\/style>\n<\/div>\n\r\n<div class=\"one-third last\"><div class=\"sc-banner switch-text\" id=\"banner2\">\r\n    <a href=\"http:\/\/www.cintamani.com.br\/loja\/glossario\/\"  target=\"_blank\">\r\n        <i class=\"fa icon-bullhorn\"><\/i>\r\n        <div class=\"sc-content\">\r\n            <h2>CONFIRA AS NOVIDADES<\/h2>\r\n            <h3>Cultura Tibetana - GLOSS\u00c1RIO<\/h3>        <\/div>\r\n    <\/a>\r\n<\/div>\r\n<style type=\"text\/css\">\r\n#banner2 {width:100%;height:92px;overflow:hidden}\r\n#banner2 {background: ;border:1px solid #d0cece}\r\n#banner2 i {color:#a1a1a1;font-size:35px;margin-top:17}\r\n#banner2 h2{color:#000000;font-size:16px;line-height:18px}\r\n#banner2 h3{color:#666464;font-size:12px;line-height:14px}\r\n#banner2:hover {background: #464646;border:1px solid }#banner2:hover i {color:#f09d0c;font-size:50px;margin-top:25}\r\n#banner2:hover h2{color:#d0cece;font-size:10px;line-height:12px}\r\n#banner2:hover h3{color:#fff;font-size:17px;line-height:19px}<\/style>\n<\/div>\n","protected":false},"excerpt":{"rendered":"<p>[products_tabs per_page=&#8221;-1&#8243; slider=&#8221;yes&#8221; orderby=&#8221;menu_order&#8221; order=&#8221;desc&#8221; categories=&#8221;must-have, best-seller, special-offers, &#8221; ]<\/p>\n","protected":false},"author":19560,"featured_media":0,"parent":0,"menu_order":0,"comment_status":"closed","ping_status":"closed","template":"","meta":{"footnotes":""},"class_list":["post-764","page","type-page","status-publish","hentry"],"_links":{"self":[{"href":"https:\/\/www.cintamani.com.br\/loja\/wp-json\/wp\/v2\/pages\/764","targetHints":{"allow":["GET"]}}],"collection":[{"href":"https:\/\/www.cintamani.com.br\/loja\/wp-json\/wp\/v2\/pages"}],"about":[{"href":"https:\/\/www.cintamani.com.br\/loja\/wp-json\/wp\/v2\/types\/page"}],"author":[{"embeddable":true,"href":"https:\/\/www.cintamani.com.br\/loja\/wp-json\/wp\/v2\/users\/19560"}],"replies":[{"embeddable":true,"href":"https:\/\/www.cintamani.com.br\/loja\/wp-json\/wp\/v2\/comments?post=764"}],"version-history":[{"count":8,"href":"https:\/\/www.cintamani.com.br\/loja\/wp-json\/wp\/v2\/pages\/764\/revisions"}],"predecessor-version":[{"id":23475,"href":"https:\/\/www.cintamani.com.br\/loja\/wp-json\/wp\/v2\/pages\/764\/revisions\/23475"}],"wp:attachment":[{"href":"https:\/\/www.cintamani.com.br\/loja\/wp-json\/wp\/v2\/media?parent=764"}],"curies":[{"name":"wp","href":"https:\/\/api.w.org\/{rel}","templated":true}]}}