{"id":557,"date":"2015-03-10T13:29:03","date_gmt":"2015-03-10T16:29:03","guid":{"rendered":"http:\/\/www.cintamani.com.br\/loja\/?page_id=557"},"modified":"2015-04-13T11:44:21","modified_gmt":"2015-04-13T14:44:21","slug":"home-ix","status":"publish","type":"page","link":"https:\/\/www.cintamani.com.br\/loja\/home-2\/home-ix\/","title":{"rendered":"Informa\u00e7\u00f5es"},"content":{"rendered":"<div class=\"row\"><div id=\"features-tab-demo\" class=\"features-tab-container  group span9 margin-bottom\"><div class=\"row\"><img decoding=\"async\" src=\"https:\/\/www.cintamani.com.br\/loja\/wp-content\/themes\/bazar2022\/theme\/assets\/images\/features-tab-shadow.png\" class=\"shadow\" \/><ul class=\"features-tab-labels span3\"><li class=\"features-tab-0 current-feature\">BEM-VINDO \u00c0 CINTAMANI<\/li><li class=\"features-tab-1 \">PROMO\u00c7\u00d5ES DA LOJA<\/li><li class=\"features-tab-2 \">MAIS VENDIDOS<\/li><li class=\"features-tab-3 \">FRETE GR\u00c1TIS<\/li><li class=\"features-tab-4 \">CART\u00c3O PRESENTE<\/li><li class=\"features-tab-5 \">NOSSAS AVALIA\u00c7\u00d5ES!<\/li><li class=\"features-tab-6 \">CRIATIVIDADE ONLINE<\/li><li class=\"features-tab-7 \">PROJETOS<\/li><\/ul><div class=\"features-tab-wrapper span6\"><div class=\"features-tab-content features-tab-0 current-feature\"><p><img loading=\"lazy\" decoding=\"async\" class=\"alignnone size-full wp-image-5496\" src=\"http:\/\/www.cintamani.com.br\/loja\/wp-content\/uploads\/2017\/05\/china_cycling_1097-1-e1495670207997.jpg\" alt=\"\" width=\"500\" height=\"351\" srcset=\"https:\/\/www.cintamani.com.br\/loja\/wp-content\/uploads\/2017\/05\/china_cycling_1097-1-e1495670207997.jpg 500w, https:\/\/www.cintamani.com.br\/loja\/wp-content\/uploads\/2017\/05\/china_cycling_1097-1-e1495670207997-150x105.jpg 150w, https:\/\/www.cintamani.com.br\/loja\/wp-content\/uploads\/2017\/05\/china_cycling_1097-1-e1495670207997-300x211.jpg 300w\" sizes=\"auto, (max-width: 500px) 100vw, 500px\" \/><\/p>\n<\/div><div class=\"features-tab-content features-tab-1 \"><h2>Aproveite e OFERE\u00c7A presentes com significado!<\/h2>\n<div class=\"border-line\"><\/div>\n[show_products per_page=\"4\" category=\"0\" show=\"onsale\" orderby=\"menu_order\" order=\"desc\" layout=\"default\" ]\n<p>&nbsp;<\/p>\n<p>&nbsp;<\/p>\n<\/div><div class=\"features-tab-content features-tab-2 \"><h2>HOT!<\/h2>\n<div class=\"border-line\"><\/div>\n[show_products per_page=\"4\" category=\"0\" show=\"recent\" orderby=\"menu_order\" order=\"desc\" layout=\"default\" ]\n<\/div><div class=\"features-tab-content features-tab-3 \"><h2>Frete Gr\u00e1tis<\/h2>\n<div class=\"border-line\"><\/div>\n<p>Dawa Lama e Cintamani firmaram uma negocia\u00e7\u00e3o com os fornecedores da \u00cdncia que reverte em vantagens para nossos clientes:<\/p>\n<p>Todos os produtos que vem, sob encomenda, <a href=\"http:\/\/www.cintamani.com.br\/loja\/?product_tag=fretegratis\">direto da \u00edndia<\/a> vem com frete gr\u00e1tis!<\/p>\n<h2>Aproveite a Qualidade!<\/h2>\n<div class=\"border-line\"><\/div>\n<p>Os fornecedores tem qualidade garantida! Est\u00e1tuas em bronze e cobre, esculturas, temperos e tecidos, ornamentos em prata e pedras preciosas, al\u00e9m de incensos e artigos texteis, tem qualidade aprovada pela nossa equipe.<\/p>\n<\/div><div class=\"features-tab-content features-tab-4 \"><h2>APROVEITE O <span style=\"color: #bf8c40;\">CART\u00c3O PRESENTE<\/span> CINTAMANI<\/h2>\n<div class=\"border-line\"><\/div>\n<p><img loading=\"lazy\" decoding=\"async\" class=\"aligncenter size-thumbnail wp-image-1436\" src=\"http:\/\/www.cintamani.com.br\/loja\/wp-content\/uploads\/2015\/03\/giftcard1-150x150.jpg\" alt=\"giftcard\" width=\"150\" height=\"150\" \/><\/p>\n<p>&nbsp;<\/p>\n<h3>PARTICIPE DE NOSSA NEWSLETTER e FIQUE ATUALIZADO<\/h3>\n<div class=\"border-line\"><\/div>\n<div class=\"call-three\">\r\n\t\t<div class=\"newsletter-call3 newsletter-call3-center group\">\r\n\t\t<form method=\"post\" action=\"\">\r\n\t\t\t<div class=\"newsletter-icon\"><label for=\"email\"><\/label><\/div>\r\n\t\t\t<div class=\"newsletter-input\">\t\t\t\r\n\t\t\t\t<input type=\"text\" name=\"email\" id=\"email\" placeholder=\"your e-mail\" class=\"email-field text-field autoclear\" \/>\r\n\t\t\t<\/div>\r\n\t\t\t<div class=\"newsletter-submit\">\r\n\t\t\t\t<input type=\"hidden\" id=\"_mc_submit_signup_form_nonce\" name=\"_mc_submit_signup_form_nonce\" value=\"9f4667bb19\" \/><input type=\"hidden\" id=\"_wpnonce\" name=\"_wpnonce\" value=\"8daa6d2447\" \/>\t\t\t\t<input type=\"submit\" value=\"ADD ME\" class=\"submit-field\" \/>\r\n\t\t\t<\/div>\r\n\t\t<\/form>\r\n\t<\/div>\r\n\t<div class=\"clear\"><\/div>\r\n<\/div>\n<\/div><div class=\"features-tab-content features-tab-5 \"><h2>Oque nossos clientes dizem...<\/h2>\n<div class=\"border-line\"><\/div>\n\n<\/div><div class=\"features-tab-content features-tab-6 \"><p><a href=\"http:\/\/www.cintamani.com.br\/loja\/wp-content\/uploads\/2015\/03\/webmaster.png\"><img loading=\"lazy\" decoding=\"async\" class=\"aligncenter size-full wp-image-1294\" src=\"http:\/\/www.cintamani.com.br\/loja\/wp-content\/uploads\/2015\/03\/webmaster.png\" alt=\"webmaster\" width=\"427\" height=\"79\" srcset=\"https:\/\/www.cintamani.com.br\/loja\/wp-content\/uploads\/2015\/03\/webmaster.png 427w, https:\/\/www.cintamani.com.br\/loja\/wp-content\/uploads\/2015\/03\/webmaster-150x28.png 150w, https:\/\/www.cintamani.com.br\/loja\/wp-content\/uploads\/2015\/03\/webmaster-300x56.png 300w\" sizes=\"auto, (max-width: 427px) 100vw, 427px\" \/><\/a><\/p>\n<p>Gostou de nossa loja? Gostaria de <a href=\"http:\/\/www.cintamani.com.br\/loja\/?page_id=704\">vender online<\/a> conosco? Nos acreditamos que o crescimento \u00e9 estruturado pelo pilar da coopera\u00e7\u00e3o. A Sangha, a comunidade reunida, se ap\u00f3ia e mantem a velocidade constante do grupo, pois avan\u00e7a de m\u00e3os dadas.<\/p>\n<h2>CONTRIBUA<\/h2>\n<div class=\"border-line\"><\/div>\n<p>Se voc\u00ea compartilha de nossa filosofia, contribua com suas <a href=\"http:\/\/www.cintamani.com.br\/loja\/?page_id=415\">observa\u00e7\u00f5es e cr\u00edticas<\/a>.<\/p>\n<p>&nbsp;<\/p>\n<p>Voc\u00ea tamb\u00e9m pode participar de nossos <a href=\"http:\/\/www.cintamani.com.br\/loja\/?page_id=415\">projetos<\/a>.<\/p>\n<p><img loading=\"lazy\" decoding=\"async\" class=\"aligncenter size-medium wp-image-1435\" src=\"http:\/\/www.cintamani.com.br\/loja\/wp-content\/uploads\/2015\/03\/project-300x272.jpg\" alt=\"project - Cintamani\" width=\"300\" height=\"272\" srcset=\"https:\/\/www.cintamani.com.br\/loja\/wp-content\/uploads\/2015\/03\/project-300x272.jpg 300w, https:\/\/www.cintamani.com.br\/loja\/wp-content\/uploads\/2015\/03\/project-150x136.jpg 150w, https:\/\/www.cintamani.com.br\/loja\/wp-content\/uploads\/2015\/03\/project.jpg 758w\" sizes=\"auto, (max-width: 300px) 100vw, 300px\" \/><\/p>\n<\/div><div class=\"features-tab-content features-tab-7 \"><h2>SEJA UM PATROCINADOR DA CULTURA TIBETANA<\/h2>\n<p><a href=\"http:\/\/www.cintamani.com.br\/loja\/wp-content\/uploads\/2015\/03\/faltavaSOvoce.jpg\"><img loading=\"lazy\" decoding=\"async\" class=\"aligncenter size-full wp-image-1433\" src=\"http:\/\/www.cintamani.com.br\/loja\/wp-content\/uploads\/2015\/03\/faltavaSOvoce.jpg\" alt=\"projetos - Cintamani\" width=\"500\" height=\"337\" srcset=\"https:\/\/www.cintamani.com.br\/loja\/wp-content\/uploads\/2015\/03\/faltavaSOvoce.jpg 500w, https:\/\/www.cintamani.com.br\/loja\/wp-content\/uploads\/2015\/03\/faltavaSOvoce-150x101.jpg 150w, https:\/\/www.cintamani.com.br\/loja\/wp-content\/uploads\/2015\/03\/faltavaSOvoce-300x202.jpg 300w\" sizes=\"auto, (max-width: 500px) 100vw, 500px\" \/><\/a><\/p>\n<div class=\"border-line\"><\/div>\n<p>Estamos trabalhando para produzir um gloss\u00e1rio de termos tibetanos, de acesso aberto e gratu\u00edto.<br \/>Todos os contribuidores s\u00e3o volunt\u00e1rios, mas dedicados, trabalhando com a orienta\u00e7\u00e3o de apenas traduzir, sem interpretar, sempre com foco na autenticidade dos textos.\u00a0<br \/>As pesquisas est\u00e3o publicadas na p\u00e1gina <a href=\"http:\/\/www.cintamani.com.br\/loja\/glossario\/\">GLOSS\u00c1RIO<\/a>, em nosso site.<\/p>\n<p>Agradecemos a paci\u00eancia, colabora\u00e7\u00e3o e doa\u00e7\u00e3o para que possamos nos dedicar mais tempo ao projeto.<\/p>\n<form action=\"https:\/\/www.paypal.com\/cgi-bin\/webscr\" method=\"post\" target=\"_top\"><input name=\"cmd\" type=\"hidden\" value=\"_s-xclick\" \/> <input name=\"hosted_button_id\" type=\"hidden\" value=\"4B5HT7GKDS7QJ\" \/> <input alt=\"PayPal - A maneira f\u00e1cil e segura de enviar pagamentos online!\" name=\"submit\" src=\"https:\/\/www.paypalobjects.com\/pt_BR\/BR\/i\/btn\/btn_donateCC_LG.gif\" type=\"image\" \/> <img loading=\"lazy\" decoding=\"async\" src=\"https:\/\/www.paypalobjects.com\/pt_BR\/i\/scr\/pixel.gif\" alt=\"\" width=\"1\" height=\"1\" border=\"0\" \/><\/form>\n<\/div><\/div><\/div><\/div><\/div>\nCintamani &#8211; Medita\u00e7\u00e3o e Arte &amp; Dawa Lama Buddhist Art &#8211; Escultura e Artefatos Religiosos<\/p>\n","protected":false},"excerpt":{"rendered":"<p>Cintamani &#8211; Medita\u00e7\u00e3o e Arte &amp; Dawa Lama Buddhist Art &#8211; Escultura e Artefatos Religiosos<\/p>\n","protected":false},"author":19560,"featured_media":0,"parent":2,"menu_order":0,"comment_status":"closed","ping_status":"closed","template":"","meta":{"footnotes":""},"class_list":["post-557","page","type-page","status-publish","hentry"],"_links":{"self":[{"href":"https:\/\/www.cintamani.com.br\/loja\/wp-json\/wp\/v2\/pages\/557","targetHints":{"allow":["GET"]}}],"collection":[{"href":"https:\/\/www.cintamani.com.br\/loja\/wp-json\/wp\/v2\/pages"}],"about":[{"href":"https:\/\/www.cintamani.com.br\/loja\/wp-json\/wp\/v2\/types\/page"}],"author":[{"embeddable":true,"href":"https:\/\/www.cintamani.com.br\/loja\/wp-json\/wp\/v2\/users\/19560"}],"replies":[{"embeddable":true,"href":"https:\/\/www.cintamani.com.br\/loja\/wp-json\/wp\/v2\/comments?post=557"}],"version-history":[{"count":0,"href":"https:\/\/www.cintamani.com.br\/loja\/wp-json\/wp\/v2\/pages\/557\/revisions"}],"up":[{"embeddable":true,"href":"https:\/\/www.cintamani.com.br\/loja\/wp-json\/wp\/v2\/pages\/2"}],"wp:attachment":[{"href":"https:\/\/www.cintamani.com.br\/loja\/wp-json\/wp\/v2\/media?parent=557"}],"curies":[{"name":"wp","href":"https:\/\/api.w.org\/{rel}","templated":true}]}}