{"id":389,"date":"2013-01-23T10:44:45","date_gmt":"2013-01-23T10:44:45","guid":{"rendered":"http:\/\/www.cintamani.com.br\/loja\/cart\/"},"modified":"2018-01-28T18:41:09","modified_gmt":"2018-01-28T21:41:09","slug":"carrinho","status":"publish","type":"page","link":"https:\/\/www.cintamani.com.br\/loja\/carrinho\/","title":{"rendered":"Carrinho"},"content":{"rendered":"<h3>Para finalizar a compra \u00e9 necess\u00e1rio estar cadastrado no site!<\/h3>\n[woocommerce_cart]\nCintamani &#8211; Medita\u00e7\u00e3o e Arte &amp; Dawa Lama Buddhist Art &#8211; Escultura\u00a0e\u00a0Artefatos Religiosos<\/p>\n","protected":false},"excerpt":{"rendered":"<p>Para finalizar a compra \u00e9 necess\u00e1rio estar cadastrado no site! [woocommerce_cart] Cintamani &#8211; Medita\u00e7\u00e3o e Arte &amp; Dawa Lama Buddhist Art &#8211; Escultura\u00a0e\u00a0Artefatos Religiosos<\/p>\n","protected":false},"author":19560,"featured_media":0,"parent":0,"menu_order":0,"comment_status":"closed","ping_status":"closed","template":"","meta":{"footnotes":""},"class_list":["post-389","page","type-page","status-publish","hentry"],"_links":{"self":[{"href":"https:\/\/www.cintamani.com.br\/loja\/wp-json\/wp\/v2\/pages\/389","targetHints":{"allow":["GET"]}}],"collection":[{"href":"https:\/\/www.cintamani.com.br\/loja\/wp-json\/wp\/v2\/pages"}],"about":[{"href":"https:\/\/www.cintamani.com.br\/loja\/wp-json\/wp\/v2\/types\/page"}],"author":[{"embeddable":true,"href":"https:\/\/www.cintamani.com.br\/loja\/wp-json\/wp\/v2\/users\/19560"}],"replies":[{"embeddable":true,"href":"https:\/\/www.cintamani.com.br\/loja\/wp-json\/wp\/v2\/comments?post=389"}],"version-history":[{"count":0,"href":"https:\/\/www.cintamani.com.br\/loja\/wp-json\/wp\/v2\/pages\/389\/revisions"}],"wp:attachment":[{"href":"https:\/\/www.cintamani.com.br\/loja\/wp-json\/wp\/v2\/media?parent=389"}],"curies":[{"name":"wp","href":"https:\/\/api.w.org\/{rel}","templated":true}]}}