{"id":296,"date":"2015-03-10T09:57:39","date_gmt":"2015-03-10T12:57:39","guid":{"rendered":"http:\/\/www.cintamani.com.br\/loja\/?page_id=296"},"modified":"2015-04-13T11:42:14","modified_gmt":"2015-04-13T14:42:14","slug":"u-square-style","status":"publish","type":"page","link":"https:\/\/www.cintamani.com.br\/loja\/sliders\/u-square-style\/","title":{"rendered":"Equipe Cintamani"},"content":{"rendered":"\r\n<div id=\"1\" class=\"slider slider-usquare usquare\">\r\n\t[usquare id=\"1\"]<\/div>\r\n\n<TITLE>Cintamani &#8211; Medita\u00e7\u00e3o e Arte &#038; Dawa Lama Buddhist Art &#8211; Escultura e Artefatos Religiosos<\/TITLE><br \/>\n<META NAME=\"keywords\" CONTENT=\"escultura, madeira, wood, sculpture, carwing, incenso, incense, thanka, cashmere silk carpet, cashmere stole, pashmina shawl, buddha statue, khukuri, pashmina stole, pashmina muffler, cashmere, Buddhist ritual item, himalayan, Nepalese handicrafts, khukuri, buddha statue, pashmina, thanka, thangka, cashmere silk carpet, Himalayan, Buddha Statue, Buddha Statues, buddha statues, shakyamuni buddha, Medicine Buddha, Medicine buddha, Amitabha Buddha statue, Bodhistwa statue, khukuri, Khukuries, Nepal, khukuri wholesaler, Thanka, Thangka, Mandala Thanka, buddha mandala thanka, avai lokiteshwor mandala thanka, Kalachakra Mandala thanka, Pashmina, pashmina shawl, pashmina stole, 70% Pashmina and 30% Silk blend, pashmina,embroidered pashmina shawl,100% Pashmina shawl, pashmina wholesaler, cashmere silk carpet, Cashmere Silk Carpet, Cashmere Silk Carpets,cashmere shwal, cashmere stole, cashmere wooden products, himalayan books, herbal tea, aromatic herbal products, himlayan herbal products, Nepalese dolls, DHL, Nepalese masks, Nepalese puppets, singing bowl, mala, nepalese silver jewellery, prayer whell, bell, dorje, vajra, damaru, madal, sarangi, aromatic herbal products, cashmere wooden products, tibetan laha, manjushri statue, green tara statue, white tara statue,\ntibetano, tibetan, nepal, carving, kathmandu nepal, nepal flag, nepal \nhistory, nepal clothing, nepal music, nepal clothes, nepal \nhandicraft, travel nepal, nepal links, nepal silver jewelry, nepal \nphoto, nepal culture, tibet nepal, nepal holidays, india and nepal, \nhandicraft nepal shop, shopping in nepal, nepal art, clothings \nnepal, nepal religion, buddhism, buddhism religion, buddhism \nsymbol, buddhism picture, buddhism god, buddhism meditation, \nbuddhism teachings, theravada buddhism, mahayana buddhism, \ntibetan buddhism, history of buddhism, zen buddhism, information \non buddhism, nirvana buddhism, buddhism child, buddhism thai, \nart buddhism, buddhism wheel, buddhism mahayana, buddhism \nreligious symbol, buddhism fesstivals, buddhism life wheel, \nbuddhism origin, buddhism practice ritual, buddhism vajrayana, \nbuddhism school, buddhism tibet, budismo, el budismo, que es el \nbudismo, budismo zen, hinduismo y budismo, historia del \nbudismo, budismo tibetano, barcelona budista centro nagarjuna, \nbudista, religion budista, monja budista, musica budista, tibet, \nseven years in tibet, tibet travel, free tibet, tibet tour, china tibet, \nlhasa tibet, tibet woman, tibet picture, himalayas jewelry tibet, tibet \nart, tibet dalai lama, tibet culture, tibet monastery, voice of tibet, \njewelry tibet, cultural history tibet, tibet music, tibet religion, tibet \nbuddha, born in tibet, tibet occult, art art tibet world, the jewel tree of \ntibet, history of tibet, tibet tibet, art tibet, love tibet, nepal tibet, monk \ntibet, book tibet, religion tibet, picture tibet, spirit tibet, chagdud, \ngonpa, cardamomo, prayer flag, tibetan prayer flag, blessing \nbreeze flag prayer send tibetan, buddhist prayer flag, prayer at the \nflag pole, prayer flag tibet, bandeira de ora\u00e7\u00e3o, bandeira, ora\u00e7\u00e3o, \nprayer, flags, flag, Dawa, lama, kalachakra, estupa, stupa, mesa \nde puja, puja table, shrine, cabinet, arm\u00e1rio tibetano, escultura, \nsculpture, lachimi, lakshmi, joias, tr\u00eas coroas, centro budista, \nencomeda de escultura, khadro, rinpoche, dilgo , kyentse, \nnepales artista, tamang, jap\u00e3o, mandala, vajrayana, mahayana, \nnyingma, praticante, medita\u00e7\u00e3o\"><br \/>\n<META NAME=\"description\" CONTENT=\"Ap\u00f3s trabalhar na \u00cdndia \ne no Nepal,... em 2001, Chagdud Tulku Rinpoche convidou Dawa \nLama para trabalhar na ornamenta\u00e7\u00e3o da \u00e1rea interna do Khadro \nLing. Em 2007 passou a trabalhar nas esculturas em cimento para \na Terra Pura de Padmasambava e na ornamenta\u00e7\u00e3o do Trono \nde Chagdud Rinpoche\"><br \/>\n<META NAME=\"author\" CONTENT=\"Dechen Dr\u00f6lma\"><\/p>\n","protected":false},"excerpt":{"rendered":"<p>Cintamani &#8211; Medita\u00e7\u00e3o e Arte &#038; Dawa Lama Buddhist Art &#8211; Escultura e Artefatos Religiosos<\/p>\n","protected":false},"author":19560,"featured_media":0,"parent":169,"menu_order":0,"comment_status":"closed","ping_status":"closed","template":"","meta":{"footnotes":""},"class_list":["post-296","page","type-page","status-publish","hentry"],"_links":{"self":[{"href":"https:\/\/www.cintamani.com.br\/loja\/wp-json\/wp\/v2\/pages\/296","targetHints":{"allow":["GET"]}}],"collection":[{"href":"https:\/\/www.cintamani.com.br\/loja\/wp-json\/wp\/v2\/pages"}],"about":[{"href":"https:\/\/www.cintamani.com.br\/loja\/wp-json\/wp\/v2\/types\/page"}],"author":[{"embeddable":true,"href":"https:\/\/www.cintamani.com.br\/loja\/wp-json\/wp\/v2\/users\/19560"}],"replies":[{"embeddable":true,"href":"https:\/\/www.cintamani.com.br\/loja\/wp-json\/wp\/v2\/comments?post=296"}],"version-history":[{"count":0,"href":"https:\/\/www.cintamani.com.br\/loja\/wp-json\/wp\/v2\/pages\/296\/revisions"}],"up":[{"embeddable":true,"href":"https:\/\/www.cintamani.com.br\/loja\/wp-json\/wp\/v2\/pages\/169"}],"wp:attachment":[{"href":"https:\/\/www.cintamani.com.br\/loja\/wp-json\/wp\/v2\/media?parent=296"}],"curies":[{"name":"wp","href":"https:\/\/api.w.org\/{rel}","templated":true}]}}