{"id":20484,"date":"2018-08-28T14:38:55","date_gmt":"2018-08-28T17:38:55","guid":{"rendered":"http:\/\/www.cintamani.com.br\/loja\/?page_id=20484"},"modified":"2019-04-05T12:55:20","modified_gmt":"2019-04-05T15:55:20","slug":"politica-de-privacidade","status":"publish","type":"page","link":"https:\/\/www.cintamani.com.br\/loja\/politica-de-privacidade\/","title":{"rendered":"Pol\u00edtica de privacidade"},"content":{"rendered":"<h1><strong>POL\u00cdTICA DE PRIVACIDADE E DE SEGURAN\u00c7A CINTAMANI.<\/strong><\/h1>\n<p>A Pol\u00edtica de Privacidade e de Seguran\u00e7a da Cintamani \u2013 Medita\u00e7\u00e3o e Arte\/Shree Dawa Lama &#8211; MEI (CINTAMANI) foi criada para demonstrar o compromisso da Empresa com a seguran\u00e7a e a privacidade das informa\u00e7\u00f5es coletadas acerca dos usu\u00e1rios de servi\u00e7os interativos aqui dispon\u00edveis, A Pol\u00edtica esclarece as condi\u00e7\u00f5es gerais de coleta, uso, armazenamento, tratamento e prote\u00e7\u00e3o de dados nos sites, plataformas e aplica\u00e7\u00f5es de Internet, em conformidade com a Lei 12.965\/2014 (Marco Civil da Internet). Ao utilizar os sites, plataformas ou aplica\u00e7\u00f5es de Internet da CINTAMANI voc\u00ea concorda expressa e integralmente com esta Pol\u00edtica de Privacidade e de Seguran\u00e7a. Recomendamos a leitura atenta desta se\u00e7\u00e3o antes de prosseguir.<\/p>\n<h3><strong>FINALIDADE DA COLETA DE INFORMA\u00c7\u00d5ES<\/strong><\/h3>\n<p>Ao saber mais sobre voc\u00ea, nosso objetivo \u00e9 poder sempre oferecer o melhor servi\u00e7o, incluindo informa\u00e7\u00f5es e promo\u00e7\u00f5es. \u00c9 a forma encontrada pela CINTAMANI de estar sempre perto de voc\u00ea. Estamos comprometidos em preservar a privacidade e a seguran\u00e7a das informa\u00e7\u00f5es coletadas nos nossos sites, plataformas e aplica\u00e7\u00f5es de Internet, respeitando sempre os mais elevados princ\u00edpios \u00e9ticos e legais. A coleta de dados nos nossos sites, plataformas e aplica\u00e7\u00f5es de Internet \u00e9 realizada com os seguintes objetivos:<\/p>\n<ul>\n<li>a) Garantir a efic\u00e1cia na presta\u00e7\u00e3o dos nossos servi\u00e7os;<\/li>\n<li>b) Adequar a apar\u00eancia e o conte\u00fado \u00e0s preferencias do usu\u00e1rio, a fim de proporcionar-lhe acesso mais r\u00e1pido, agrad\u00e1vel e eficaz;<\/li>\n<li>c) Autenticar acessos;<\/li>\n<li>d) Buscar seguran\u00e7a adequada aos servi\u00e7os oferecidos e meios de identifica\u00e7\u00e3o no caso de usos impr\u00f3prios ou il\u00edcitos;<\/li>\n<li>e) Resolver problemas e formular notifica\u00e7\u00f5es relacionadas ao uso dos nossos sites, plataformas e aplica\u00e7\u00f5es de Internet;<\/li>\n<li>f) Manter os usu\u00e1rios informados sobre os servi\u00e7os, altera\u00e7\u00f5es nos Termos de Uso ou na Pol\u00edtica de Privacidade e Seguran\u00e7a, atualiza\u00e7\u00f5es ou melhorias nos nossos sites, plataformas e aplica\u00e7\u00f5es de Internet, ou ainda sobre o status de suas contas e opera\u00e7\u00f5es;<\/li>\n<li>g) Divulgar a\u00e7\u00f5es promocionais dos nossos sites, plataformas e aplica\u00e7\u00f5es de Internet ou outras iniciativas da CINTAMANI, sempre disponibilizando meios para o usu\u00e1rio cancelar o recebimento de e-mails promocionais (opt out);<\/li>\n<li>h) Determinar a efic\u00e1cia da nossa publicidade;<\/li>\n<li>i) Divulgar a\u00e7\u00f5es promocionais de empresas parceiras que adotem medidas de prote\u00e7\u00e3o \u00e0 privacidade e seguran\u00e7a similares \u00e0quelas estabelecidas nesta Pol\u00edtica;<\/li>\n<li>j) Apurar informa\u00e7\u00f5es estat\u00edsticas.<\/li>\n<\/ul>\n<h3><strong>INFORMA\u00c7\u00d5ES COLETADAS<\/strong><\/h3>\n<p>Para atender \u00e0s finalidades previstas acima, nossos sites, plataformas e aplica\u00e7\u00f5es de Internet podem coletar dados a partir de informa\u00e7\u00f5es:<\/p>\n<ol>\n<li>Que voc\u00ea mesmo nos fornece, espontaneamente, mediante a cria\u00e7\u00e3o de contas ou a inser\u00e7\u00e3o de refer\u00eancias a seu respeito em qualquer contexto nos nossos sites, plataformas e aplica\u00e7\u00f5es de Internet;<\/li>\n<li>Sobre a forma como voc\u00ea navega nos nossos sites, plataformas e aplica\u00e7\u00f5es de Internet, bem como sobre os registros de acesso e de intera\u00e7\u00f5es em geral nos nossos sites, plataformas e aplica\u00e7\u00f5es de Internet;<\/li>\n<li>Fornecidas por ferramentas ou plataformas externas disponibilizadas por parceiros e relacionadas ao seu navegador ou conta de usu\u00e1rio (cookies, tags ou identificadores an\u00f4nimos).Os dados sobre a sua navega\u00e7\u00e3o nos nossos sites, plataformas e aplica\u00e7\u00f5es de Internet podem incluir informa\u00e7\u00f5es:<\/li>\n<\/ol>\n<p style=\"padding-left: 60px;\">a) Sobre o dispositivo e os sistemas \/ navegadores que voc\u00ea utiliza para acessar os nossos sites, plataformas e aplica\u00e7\u00f5es de Internet, incluindo o endere\u00e7o de protocolo de Internet (n\u00famero IP);<\/p>\n<p style=\"padding-left: 60px;\">b) Pass\u00edveis de identificar todo e qualquer uso e intera\u00e7\u00e3o no contexto dos nossos sites, plataformas e aplica\u00e7\u00f5es de Internet;<\/p>\n<p style=\"padding-left: 60px;\">c) Referentes ao momento de cada a\u00e7\u00e3o sua nos nossos sites, plataformas ou aplica\u00e7\u00f5es de Internet (data e hora);<\/p>\n<p style=\"padding-left: 60px;\">d) Referentes \u00e0 sua localiza\u00e7\u00e3o;<\/p>\n<p style=\"padding-left: 60px;\">e) Referentes ao site acessado por voc\u00ea imediatamente antes de visitar os nossos sites, plataformas e aplica\u00e7\u00f5es de Internet. Cookies, tags e identificadores an\u00f4nimos contidos em e-mails enviados a voc\u00ea tamb\u00e9m podem ser usados para monitorar suas intera\u00e7\u00f5es, como, por exemplo, quando recebeu, abriu ou clicou em um link em um e-mail enviado por n\u00f3s.<\/p>\n<h3><strong> COMO A CINTAMANI ARMAZENA, TRATA E PROTEGE ESSAS INFORMA\u00c7\u00d5ES?<\/strong><\/h3>\n<p>Os dados coletados atrav\u00e9s dos nossos sites, plataformas e aplica\u00e7\u00f5es de Internet s\u00e3o armazenados, tratados e protegidos mediante as melhores pr\u00e1ticas de hospedagem, processamento, backup e criptografia, de acordo com a sua respectiva criticidade. Os dados coletados s\u00e3o mantidos em sigilo. Mesmo assim, o usu\u00e1rio deve ter ci\u00eancia que nenhum sistema de seguran\u00e7a na Internet \u00e9 garantido contra invas\u00f5es indesejadas, sendo que o compromisso da CINTAMANI se limita \u00e0 ado\u00e7\u00e3o de medidas de prote\u00e7\u00e3o recomend\u00e1veis de acordo com o atual estado da t\u00e9cnica. Devido \u00e0s caracter\u00edsticas estruturais da Internet, \u00e9 poss\u00edvel que os dados coletados sejam armazenados ou tratados no exterior.<\/p>\n<h3><strong> DADOS RELATIVOS A OPERA\u00c7\u00d5ES FINANCEIRAS<\/strong><\/h3>\n<p>Os dados referentes a transa\u00e7\u00f5es financeiras s\u00e3o objeto de mecanismos adicionais de seguran\u00e7a visando a sua autenticidade, confidencialidade e integridade. Recursos t\u00e9cnicos como certifica\u00e7\u00e3o digital e criptografia s\u00e3o utilizados neste sentido. As informa\u00e7\u00f5es que trafegam atrav\u00e9s do nosso processo de compra-e-venda online s\u00e3o protegidas por HTTPS (usualmente, um cadeado fechado no navegador indica que a conex\u00e3o \u00e9 segura). O processo de Identifica\u00e7\u00e3o (Login e Senha) \u00e9 obrigat\u00f3rio em todo processo de compra. Os n\u00fameros do cart\u00e3o de pagamento (cr\u00e9dito ou d\u00e9bito) informados pelo cliente s\u00e3o utilizados exclusivamente para fins de autoriza\u00e7\u00e3o das transa\u00e7\u00f5es de compra e\/ou pagamento, sendo criptografados e mascarados de acordo com as melhores pr\u00e1ticas de mercado. A CINTAMANI est\u00e1 em conformidade com o PCI DSS (Payment Card Industry Data Security Standard), padr\u00e3o das bandeiras (Visa, MasterCard e outras), que estabelece o modelo de seguran\u00e7a para prote\u00e7\u00e3o dos dados de cart\u00f5es de cr\u00e9dito e d\u00e9bito dos clientes, e que aplica-se tanto \u00e0s lojas f\u00edsicas como aos processo de compra-e-venda online.<\/p>\n<h3><strong> COMPARTILHAMENTO DE DADOS<\/strong><\/h3>\n<p>Nossos sites, plataformas e aplica\u00e7\u00f5es de Internet somente compartilham dados:<\/p>\n<ol>\n<li>com outras empresas integrantes do mesmo grupo econ\u00f4mico ou controladas pela CINTAMANI<\/li>\n<li>nas hip\u00f3teses previstas nesta cl\u00e1usula; ou<\/li>\n<li>mediante autoriza\u00e7\u00e3o pr\u00e9via do usu\u00e1rio. Nossos sites, plataformas e aplica\u00e7\u00f5es de Internet poder\u00e3o se valer de prestadores de servi\u00e7o terceirizados para o armazenamento e o tratamento de dados. Nesse casos, esses prestadores de servi\u00e7os especializados sempre se submeter\u00e3o \u00e0 ado\u00e7\u00e3o de contrato que assegure o sigilo e confidencialidade. Nossos sites, plataformas e aplica\u00e7\u00f5es de Internet tamb\u00e9m poder\u00e3o compartilhar dados com terceiros mediante ordem judicial ou solicita\u00e7\u00e3o do Minist\u00e9rio P\u00fablico, de autoridade policial ou administrativa, nos termos do art. 15, par\u00e1grafo 3o, da lei 12.965\/14, ou, ainda, se assim for necess\u00e1rio para cumprir qualquer outra lei ou regulamenta\u00e7\u00e3o governamental.<\/li>\n<\/ol>\n<h3><strong> GERENCIAMENTO, CORRE\u00c7\u00c3O E EXCLUS\u00c3O DADOS<\/strong><\/h3>\n<p>A CINTAMANI n\u00e3o se responsabiliza pela corre\u00e7\u00e3o, veracidade, autenticidade, completude e atualiza\u00e7\u00e3o dos dados prestados por usu\u00e1rios de seus sites, plataformas ou aplica\u00e7\u00f5es de Internet, nem mesmo pelo eventual uso indevido de informa\u00e7\u00f5es publicadas por usu\u00e1rios ou por fraudes decorrentes da viola\u00e7\u00e3o de senhas. \u00c9 da exclusiva responsabilidade do usu\u00e1rio prestar unicamente informa\u00e7\u00f5es corretas, verdadeiras, aut\u00eanticas, completas e atualizadas, bem como zelar pelo sigilo de sua senha, quando aplic\u00e1vel, n\u00e3o divulgando-a a terceiros. A CINTAMANI mant\u00e9m um canal de atendimento aos usu\u00e1rios e para den\u00fancia de dados falsos\/equivocados publicados nos seus sites, plataformas e aplica\u00e7\u00f5es de Internet atrav\u00e9s do endere\u00e7o eletr\u00f4nico loja@Cintamani.com.br ou pelo WhatsApp 51 996538855. Nesse canal tamb\u00e9m podem ser encaminhadas quaisquer outras den\u00fancias.<\/p>\n<h3><strong> EDI\u00c7\u00c3O E EXCLUS\u00c3O DE CONTE\u00daDOS<\/strong><\/h3>\n<p>Nossos sites, plataformas e aplica\u00e7\u00f5es de Internet se reservam o direito de editar ou mesmo excluir quaisquer conte\u00fados publicados por usu\u00e1rios que n\u00e3o estejam em conformidade com a lei, com a sua Pol\u00edtica de Privacidade e Seguran\u00e7a ou Termos de Uso. Essa condi\u00e7\u00e3o, por\u00e9m, n\u00e3o configura obriga\u00e7\u00e3o da CINTAMANI, sendo que, por for\u00e7a do art. 15, par\u00e1grafo 3o da Lei 12.965\/14, via de regra solicita\u00e7\u00f5es de edi\u00e7\u00e3o ou remo\u00e7\u00e3o devem se dar sob a forma de ordem judicial, solicita\u00e7\u00e3o do Minist\u00e9rio P\u00fablico, de autoridade policial ou administrativa.<\/p>\n<h3><strong> EMAILS N\u00c3O SOLICITADOS<\/strong><\/h3>\n<p>Nossos sites, plataformas e aplica\u00e7\u00f5es de Internet buscam evitar o envio de e-mails n\u00e3o-solicitados, restringindo as comunica\u00e7\u00f5es com voc\u00ea a assuntos que sejam relevantes ou do seu espec\u00edfico interesse. Quando voc\u00ea faz uma compra on-line, confirmamos o seu pedido por e-mail e tamb\u00e9m podemos contat\u00e1-lo atrav\u00e9s dos meios de comunica\u00e7\u00e3o informados no seu cadastro, a fim de confirmar a opera\u00e7\u00e3o realizada em nosso site. Se voc\u00ea preferir n\u00e3o receber mais nossas informa\u00e7\u00f5es promocionais, tais como e-mails sobre ofertas especiais e eventos de vendas, voc\u00ea pode solicitar seu descadastramento atrav\u00e9s do link de cancelamento de inscri\u00e7\u00e3o contido no e-mail ou, na sua p\u00e1gina de cadastro, desmarcar a op\u00e7\u00e3o que autoriza o envio de e-mails promocionais (opt out). Ap\u00f3s o descadastramento, voc\u00ea ainda poder\u00e1 receber comunica\u00e7\u00f5es de seguran\u00e7a ou relativas a compras on-line que voc\u00ea tenha realizado. Voc\u00ea deve ter ci\u00eancia de que diversos fraudadores tentam se valer de marcas famosas para obter informa\u00e7\u00f5es pessoais como senhas e dados de cart\u00f5es de cr\u00e9dito. A CINTAMANI NUNCA IR\u00c1 SOLICITAR SUA SENHA, NOME DO USU\u00c1RIO, DADOS DE CART\u00c3O DE CR\u00c9DITO\/D\u00c9BITO ATRAV\u00c9S DE E-MAIL OU CONTATO TELEF\u00d4NICO. Colabore conosco enviando reclama\u00e7\u00e3o atrav\u00e9s do site http:\/\/www.Cintamani.com.br\/ caso voc\u00ea receba qualquer e-mail n\u00e3o-solicitado ou potencialmente invasivo em nome da CINTAMANI.<\/p>\n<h3><strong> CONEX\u00d5ES (LINKS) A OUTROS SITES<\/strong><\/h3>\n<p>Nossos sites, plataformas e aplica\u00e7\u00f5es de Internet podem conter links ou frames de outros sites. Esses links ou frames buscam proporcionar benef\u00edcios adicionais aos conte\u00fados e servi\u00e7os oferecidos aos nossos usu\u00e1rios. Esclarecemos que a inclus\u00e3o desses links nos nossos sites, plataformas e aplica\u00e7\u00f5es de Internet n\u00e3o significa que a CINTAMANI tenha conhecimento, concorde ou seja respons\u00e1vel pelos referidos links e frames, ou por seus respectivos conte\u00fados. \u00c9 importante ressaltar que nosso objetivo \u00e9 o de somente disponibilizar links ou frames de empresas id\u00f4neas e confi\u00e1veis. Por\u00e9m, a CINTAMANI n\u00e3o \u00e9 respons\u00e1vel pelas informa\u00e7\u00f5es, produtos e servi\u00e7os obtidos pelos usu\u00e1rios nos referidos sites, nem tampouco pelas pr\u00e1ticas comerciais e pol\u00edticas de privacidade adotadas por essas empresas, n\u00e3o podendo ser responsabilizada por eventuais perdas e danos ou lucros cessantes sofridos em raz\u00e3o da utiliza\u00e7\u00e3o desses recursos.<\/p>\n<h3><strong> PRAZO E ALTERA\u00c7\u00d5ES<\/strong><\/h3>\n<p>O funcionamento dos nossos sites, plataformas e aplica\u00e7\u00f5es de Internet se d\u00e1 por prazo indeterminado. Os nossos sites, plataformas e aplica\u00e7\u00f5es de Internet, no todo ou em cada uma das suas se\u00e7\u00f5es, podem ser encerrados, suspensos ou interrompidos unilateralmente pela CINTAMANI, a qualquer momento e sem necessidade de pr\u00e9vio aviso. A presente Pol\u00edtica de Privacidade e Seguran\u00e7a tamb\u00e9m pode ser alterada a qualquer tempo. As altera\u00e7\u00f5es desta Pol\u00edtica de Privacidade e Seguran\u00e7a ser\u00e3o informadas com destaque nos nossos sites, plataformas e aplica\u00e7\u00f5es de Internet. As vers\u00f5es anteriores desta Pol\u00edtica de Privacidade e Seguran\u00e7a podem ser acessadas nos respectivos sites, plataformas e aplica\u00e7\u00f5es de Internet da CINTAMANI.<\/p>\n<h3><strong> LEI APLIC\u00c1VEL E FORO COMPETENTE<\/strong><\/h3>\n<p>Na interpreta\u00e7\u00e3o da presente Pol\u00edtica de Privacidade e Seguran\u00e7a, aplica-se a legisla\u00e7\u00e3o brasileira. Quaisquer lit\u00edgios relacionados a esta Pol\u00edtica de Privacidade e Seguran\u00e7a ser\u00e3o da compet\u00eancia exclusiva do Foro da Comarca de Tr\u00eas Coroas, RS, Brasil. Todos os conte\u00fados e informa\u00e7\u00f5es contidos nos sites, plataformas e aplica\u00e7\u00f5es de Internet da Cintamani \u2013 Medita\u00e7\u00e3o e Arte\/Shree Dawa Lama &#8211; MEI. t\u00eam prote\u00e7\u00e3o assegurada pelas leis que regulamentam direitos autorais, marcas e outros sinais distintivos. N\u00e3o \u00e9 permitida a reprodu\u00e7\u00e3o total ou parcial dos conte\u00fados e informa\u00e7\u00f5es contidas nos sites, plataformas e aplica\u00e7\u00f5es de Internet da CINTAMANI Copyright \u00a9 2015 Cintamani \u2013 Medita\u00e7\u00e3o e Arte\/Shree Dawa Lama &#8211; MEI: Rua Lago do L\u00f3tus, n\u00ba 108, Bairro \u00c1guas Brancas, Tr\u00eas Coroas\/RS.<\/p>\n","protected":false},"excerpt":{"rendered":"<p>POL\u00cdTICA DE PRIVACIDADE E DE SEGURAN\u00c7A CINTAMANI. A Pol\u00edtica de Privacidade e de Seguran\u00e7a da Cintamani \u2013 Medita\u00e7\u00e3o e Arte\/Shree Dawa Lama &#8211; MEI (CINTAMANI) foi criada para demonstrar o compromisso da Empresa com a seguran\u00e7a e a privacidade das informa\u00e7\u00f5es coletadas acerca dos usu\u00e1rios de servi\u00e7os interativos aqui dispon\u00edveis, [&#8230;]<\/p>\n","protected":false},"author":19560,"featured_media":0,"parent":0,"menu_order":0,"comment_status":"closed","ping_status":"closed","template":"","meta":{"footnotes":""},"class_list":["post-20484","page","type-page","status-publish","hentry"],"_links":{"self":[{"href":"https:\/\/www.cintamani.com.br\/loja\/wp-json\/wp\/v2\/pages\/20484","targetHints":{"allow":["GET"]}}],"collection":[{"href":"https:\/\/www.cintamani.com.br\/loja\/wp-json\/wp\/v2\/pages"}],"about":[{"href":"https:\/\/www.cintamani.com.br\/loja\/wp-json\/wp\/v2\/types\/page"}],"author":[{"embeddable":true,"href":"https:\/\/www.cintamani.com.br\/loja\/wp-json\/wp\/v2\/users\/19560"}],"replies":[{"embeddable":true,"href":"https:\/\/www.cintamani.com.br\/loja\/wp-json\/wp\/v2\/comments?post=20484"}],"version-history":[{"count":1,"href":"https:\/\/www.cintamani.com.br\/loja\/wp-json\/wp\/v2\/pages\/20484\/revisions"}],"predecessor-version":[{"id":23329,"href":"https:\/\/www.cintamani.com.br\/loja\/wp-json\/wp\/v2\/pages\/20484\/revisions\/23329"}],"wp:attachment":[{"href":"https:\/\/www.cintamani.com.br\/loja\/wp-json\/wp\/v2\/media?parent=20484"}],"curies":[{"name":"wp","href":"https:\/\/api.w.org\/{rel}","templated":true}]}}