{"id":204,"date":"2015-03-10T09:21:05","date_gmt":"2015-03-10T12:21:05","guid":{"rendered":"http:\/\/www.cintamani.com.br\/loja\/?page_id=204"},"modified":"2018-06-14T10:45:31","modified_gmt":"2018-06-14T13:45:31","slug":"thumbnails","status":"publish","type":"page","link":"https:\/\/www.cintamani.com.br\/loja\/sliders\/thumbnails\/","title":{"rendered":"Inspira\u00e7\u00e3o"},"content":{"rendered":"<h2>Para receber nossos e-mails com assuntos relacionados \u00e0 cultura tibetana e novidades da loja, inscreva-se:<\/h2>\n[newsletter]\n[products_slider title=&#8221;Produtos em Destaque &#8221; per_page=&#8221;9&#8243; featured=&#8221;yes&#8221; latest=&#8221;no&#8221; best_sellers=&#8221;no&#8221; on_sale=&#8221;no&#8221; category=&#8221;0&#8243; orderby=&#8221;menu_order&#8221; order=&#8221;desc&#8221; layout=&#8221;default&#8221; ]\n[products_slider title=&#8221;Promo\u00e7\u00e3o &#8221; per_page=&#8221;9&#8243; featured=&#8221;no&#8221; latest=&#8221;no&#8221; best_sellers=&#8221;no&#8221; on_sale=&#8221;yes&#8221; category=&#8221;0&#8243; orderby=&#8221;menu_order&#8221; order=&#8221;desc&#8221; layout=&#8221;default&#8221; ]\n","protected":false},"excerpt":{"rendered":"<p>Para receber nossos e-mails com assuntos relacionados \u00e0 cultura tibetana e novidades da loja, inscreva-se: [newsletter] [products_slider title=&#8221;Produtos em Destaque &#8221; per_page=&#8221;9&#8243; featured=&#8221;yes&#8221; latest=&#8221;no&#8221; best_sellers=&#8221;no&#8221; on_sale=&#8221;no&#8221; category=&#8221;0&#8243; orderby=&#8221;menu_order&#8221; order=&#8221;desc&#8221; layout=&#8221;default&#8221; ] [products_slider title=&#8221;Promo\u00e7\u00e3o &#8221; per_page=&#8221;9&#8243; featured=&#8221;no&#8221; latest=&#8221;no&#8221; best_sellers=&#8221;no&#8221; on_sale=&#8221;yes&#8221; category=&#8221;0&#8243; orderby=&#8221;menu_order&#8221; order=&#8221;desc&#8221; layout=&#8221;default&#8221; ]<\/p>\n","protected":false},"author":19560,"featured_media":0,"parent":169,"menu_order":0,"comment_status":"closed","ping_status":"closed","template":"","meta":{"footnotes":""},"class_list":["post-204","page","type-page","status-publish","hentry"],"_links":{"self":[{"href":"https:\/\/www.cintamani.com.br\/loja\/wp-json\/wp\/v2\/pages\/204","targetHints":{"allow":["GET"]}}],"collection":[{"href":"https:\/\/www.cintamani.com.br\/loja\/wp-json\/wp\/v2\/pages"}],"about":[{"href":"https:\/\/www.cintamani.com.br\/loja\/wp-json\/wp\/v2\/types\/page"}],"author":[{"embeddable":true,"href":"https:\/\/www.cintamani.com.br\/loja\/wp-json\/wp\/v2\/users\/19560"}],"replies":[{"embeddable":true,"href":"https:\/\/www.cintamani.com.br\/loja\/wp-json\/wp\/v2\/comments?post=204"}],"version-history":[{"count":0,"href":"https:\/\/www.cintamani.com.br\/loja\/wp-json\/wp\/v2\/pages\/204\/revisions"}],"up":[{"embeddable":true,"href":"https:\/\/www.cintamani.com.br\/loja\/wp-json\/wp\/v2\/pages\/169"}],"wp:attachment":[{"href":"https:\/\/www.cintamani.com.br\/loja\/wp-json\/wp\/v2\/media?parent=204"}],"curies":[{"name":"wp","href":"https:\/\/api.w.org\/{rel}","templated":true}]}}