{"id":15341,"date":"2018-01-29T16:47:42","date_gmt":"2018-01-29T19:47:42","guid":{"rendered":"http:\/\/www.cintamani.com.br\/loja\/glossary-3\/"},"modified":"2022-01-02T10:53:20","modified_gmt":"2022-01-02T13:53:20","slug":"glossario","status":"publish","type":"page","link":"https:\/\/www.cintamani.com.br\/loja\/glossario\/","title":{"rendered":"Gloss\u00e1rio de Termos Budistas e da Cultura Tibetana"},"content":{"rendered":"<p>Estamos trabalhando para produzir um gloss\u00e1rio de termos tibetanos, de acesso aberto e gratuito.<br \/>\nTodos os contribuidores s\u00e3o volunt\u00e1rios e dedicados, trabalhando com a orienta\u00e7\u00e3o de apenas traduzir, sem interpretar, sempre com foco na autenticidade dos textos.<br \/>\nAgradecemos a paci\u00eancia, colabora\u00e7\u00e3o e doa\u00e7\u00e3o para que possamos nos dedicar mais tempo ao projeto.<\/p>\n<form action=\"https:\/\/www.paypal.com\/cgi-bin\/webscr\" method=\"post\" target=\"_top\"><input name=\"cmd\" type=\"hidden\" value=\"_s-xclick\" \/><br \/>\n<input name=\"hosted_button_id\" type=\"hidden\" value=\"VLFJASAXHMY7A\" \/><br \/>\n<input alt=\"PayPal - A maneira f\u00e1cil e segura de enviar pagamentos online!\" name=\"submit\" src=\"https:\/\/www.paypalobjects.com\/pt_BR\/BR\/i\/btn\/btn_donateCC_LG.gif\" type=\"image\" \/><br \/>\n<img loading=\"lazy\" decoding=\"async\" src=\"https:\/\/www.paypalobjects.com\/pt_BR\/i\/scr\/pixel.gif\" alt=\"\" width=\"1\" height=\"1\" border=\"0\" \/><\/form>\n[glossary]\n","protected":false},"excerpt":{"rendered":"<p>Estamos trabalhando para produzir um gloss\u00e1rio de termos tibetanos, de acesso aberto e gratuito. Todos os contribuidores s\u00e3o volunt\u00e1rios e dedicados, trabalhando com a orienta\u00e7\u00e3o de apenas traduzir, sem interpretar, sempre com foco na autenticidade dos textos. Agradecemos a paci\u00eancia, colabora\u00e7\u00e3o e doa\u00e7\u00e3o para que possamos nos dedicar mais tempo [&#8230;]<\/p>\n","protected":false},"author":19560,"featured_media":0,"parent":0,"menu_order":0,"comment_status":"closed","ping_status":"closed","template":"","meta":{"footnotes":""},"class_list":["post-15341","page","type-page","status-publish","hentry"],"_links":{"self":[{"href":"https:\/\/www.cintamani.com.br\/loja\/wp-json\/wp\/v2\/pages\/15341","targetHints":{"allow":["GET"]}}],"collection":[{"href":"https:\/\/www.cintamani.com.br\/loja\/wp-json\/wp\/v2\/pages"}],"about":[{"href":"https:\/\/www.cintamani.com.br\/loja\/wp-json\/wp\/v2\/types\/page"}],"author":[{"embeddable":true,"href":"https:\/\/www.cintamani.com.br\/loja\/wp-json\/wp\/v2\/users\/19560"}],"replies":[{"embeddable":true,"href":"https:\/\/www.cintamani.com.br\/loja\/wp-json\/wp\/v2\/comments?post=15341"}],"version-history":[{"count":1,"href":"https:\/\/www.cintamani.com.br\/loja\/wp-json\/wp\/v2\/pages\/15341\/revisions"}],"predecessor-version":[{"id":90402,"href":"https:\/\/www.cintamani.com.br\/loja\/wp-json\/wp\/v2\/pages\/15341\/revisions\/90402"}],"wp:attachment":[{"href":"https:\/\/www.cintamani.com.br\/loja\/wp-json\/wp\/v2\/media?parent=15341"}],"curies":[{"name":"wp","href":"https:\/\/api.w.org\/{rel}","templated":true}]}}