{"id":1131,"date":"2015-03-11T00:28:20","date_gmt":"2015-03-11T03:28:20","guid":{"rendered":"http:\/\/www.cintamani.com.br\/loja\/?page_id=1131"},"modified":"2018-01-07T12:12:42","modified_gmt":"2018-01-07T15:12:42","slug":"termos","status":"publish","type":"page","link":"https:\/\/www.cintamani.com.br\/loja\/termos\/","title":{"rendered":"Termos"},"content":{"rendered":"<p>Cintamani &#8211; Medita\u00e7\u00e3o e Arte &amp; Dawa Lama Buddhist Art &#8211; Escultura e Artefatos Religiosos<\/p>\n<h2>Termo de Uso<\/h2>\n<p>Nenhuma parte deste site pode ser reproduzida sem a pr\u00e9via permiss\u00e3o de Cintamani &#8211; Medita\u00e7\u00e3o e Arte.<\/p>\n<p>Todos os conte\u00fados de qualquer natureza constantes neste site est\u00e3o protegidos por lei, sendo expressamente interdita qualquer c\u00f3pia, reprodu\u00e7\u00e3o, difus\u00e3o, transmiss\u00e3o, utiliza\u00e7\u00e3o, modifica\u00e7\u00e3o, venda, publica\u00e7\u00e3o, distribui\u00e7\u00e3o ou quaisquer outras utiliza\u00e7\u00f5es, por quaisquer meios, \u00e0 excep\u00e7\u00e3o das previstas na Lei.<\/p>\n<p>Para a realiza\u00e7\u00e3o de cita\u00e7\u00f5es e men\u00e7\u00e3o da fonte, dever\u00e1 utilizar-se uma nota\u00e7\u00e3o que identifique a Cintamani &#8211; Medita\u00e7\u00e3o e Arte e o endere\u00e7o Web dos conte\u00fados espec\u00edficos consultados, com indica\u00e7\u00e3o das datas de consulta e de atualiza\u00e7\u00e3o (constante no site) dos mesmos conte\u00fados.<\/p>\n<p>A entrega dos produtos ser\u00e1 feita de acordo com a possibilidade e disponibilidade de cada produto, Os valores referentes ao transporte deve ser combinado previamente.<br \/>\nA postagem das encomendas sera feita de quarta-feira a sexta-feira, de acordo com a disponibilidade das agencias de correio local.<\/p>\n<p>A visualiza\u00e7\u00e3o das cores pode variar de acordo com o tipo de monitor e tecnologia utilizados.<\/p>\n<p>Os objetos que ambientam as fotos n\u00e3o acompanham o produto.<\/p>\n<p>Trocas ser\u00e3o aceitas somente at\u00e9 30 dias da data da entrega e mediante recebimento em nossa sede. Devolu\u00e7\u00f5es ser\u00e3o aceitas somente at\u00e9 7 dias da data de entrega e estando o produto em perfeito estado.<\/p>\n<p>Nosso atendimento preferencial \u00e9 por e-mail. Por favor, utilize o formul\u00e1rio de contato.<\/p>\n","protected":false},"excerpt":{"rendered":"<p>Cintamani &#8211; Medita\u00e7\u00e3o e Arte &amp; Dawa Lama Buddhist Art &#8211; Escultura e Artefatos Religiosos Termo de Uso Nenhuma parte deste site pode ser reproduzida sem a pr\u00e9via permiss\u00e3o de Cintamani &#8211; Medita\u00e7\u00e3o e Arte. Todos os conte\u00fados de qualquer natureza constantes neste site est\u00e3o protegidos por lei, sendo expressamente [&#8230;]<\/p>\n","protected":false},"author":19560,"featured_media":0,"parent":0,"menu_order":0,"comment_status":"closed","ping_status":"closed","template":"","meta":{"footnotes":""},"class_list":["post-1131","page","type-page","status-publish","hentry"],"_links":{"self":[{"href":"https:\/\/www.cintamani.com.br\/loja\/wp-json\/wp\/v2\/pages\/1131","targetHints":{"allow":["GET"]}}],"collection":[{"href":"https:\/\/www.cintamani.com.br\/loja\/wp-json\/wp\/v2\/pages"}],"about":[{"href":"https:\/\/www.cintamani.com.br\/loja\/wp-json\/wp\/v2\/types\/page"}],"author":[{"embeddable":true,"href":"https:\/\/www.cintamani.com.br\/loja\/wp-json\/wp\/v2\/users\/19560"}],"replies":[{"embeddable":true,"href":"https:\/\/www.cintamani.com.br\/loja\/wp-json\/wp\/v2\/comments?post=1131"}],"version-history":[{"count":0,"href":"https:\/\/www.cintamani.com.br\/loja\/wp-json\/wp\/v2\/pages\/1131\/revisions"}],"wp:attachment":[{"href":"https:\/\/www.cintamani.com.br\/loja\/wp-json\/wp\/v2\/media?parent=1131"}],"curies":[{"name":"wp","href":"https:\/\/api.w.org\/{rel}","templated":true}]}}